{"id":216,"date":"2019-04-29T16:56:19","date_gmt":"2019-04-29T14:56:19","guid":{"rendered":"https:\/\/www.expertises-bateaux.fr\/?page_id=216"},"modified":"2019-04-29T16:58:41","modified_gmt":"2019-04-29T14:58:41","slug":"legal-notices","status":"publish","type":"page","link":"https:\/\/www.expertises-bateaux.fr\/en\/legal-notices","title":{"rendered":"Legal Notices"},"content":{"rendered":"<div class=\"l-main\">\n<div class=\"l-main-h i-cf\">\n<section class=\"l-section wpb_row height_small\">\n<div class=\"l-section-h i-cf\">\n<div class=\"g-cols vc_row type_default valign_top\">\n<div class=\"vc_col-sm-12 wpb_column vc_column_container\">\n<div class=\"vc_column-inner\">\n<div class=\"wpb_wrapper\">\n<h1 class=\"vc_custom_heading\" style=\"text-align: center;\">Mentions L\u00e9gales<\/h1>\n<div class=\"wpb_text_column \">\n<div class=\"wpb_wrapper\">\n<h2>\u00c9diteur :<\/h2>\n<p>Ce site est \u00e9dit\u00e9 par E.U.R.L Contr\u00f4les Techniques Bateaux<br \/>\ndont le si\u00e8ge social est \u00e9tabli :<br \/>\n20 all\u00e9e des C\u00e8dres<br \/>\n34280 La Grande Motte<br \/>\nFRANCE<\/p>\n<p>SIRET : 489 375 071 00037<br \/>\nAPE : 7120B &#8211; Analyses, essais et inspections techniques<br \/>\nForme juridique : EURL<br \/>\nRCS Montpellier 489 375 071<\/p>\n<p>Directeur de la publication : Elisa Maurin<\/p>\n<h2>H\u00e9bergeur :<\/h2>\n<p>Ce site est h\u00e9berg\u00e9 par <strong>WP Serveur SARL<\/strong><br \/>\ndont le si\u00e8ge social est \u00e9tabli :<br \/>\n7 rue de la Cit\u00e9 Foulc 30000 N\u00eemes, inscrite au RCS de N\u00eemes sous le num\u00e9ro 808 840 474, n\u00b0 de\u00a0TVA FR86808840474, repr\u00e9sent\u00e9e par\u00a0son dirigeant l\u00e9gal Fabrice Ducarme.<\/p>\n<h2>Concepteur :<\/h2>\n<p>Ce site est un site con\u00e7u par <strong>MATHE Cindy<\/strong><br \/>\ndont le si\u00e8ge social est \u00e9tabli :<br \/>\n86 rue Pierre et Marie Curie<br \/>\n34430 ST JEAN DE VEDAS<\/p>\n<p>SIRET : 83142003900016<br \/>\nAPE 7410Z \u2013 Activit\u00e9s sp\u00e9cialis\u00e9es de design<br \/>\nAffaire personnelle profession lib\u00e9rale<\/p>\n<h2 class=\"h2\">Collecte et utilisation des donn\u00e9es \u00e0 caract\u00e8re personnel<\/h2>\n<p>La collecte des donn\u00e9es \u00e0 caract\u00e8re personnel pour les prestations propos\u00e9es par ce site ainsi que leur traitement sont effectu\u00e9s dans le respect de la loi \u00ab Informatique, Fichiers et Libert\u00e9s \u00bb du 6 janvier 1978 modifi\u00e9e et ses d\u00e9crets d\u2019application.<\/p>\n<p>La collecte des donn\u00e9es \u00e0 caract\u00e8re personnel concernant les utilisateurs du site a pour finalit\u00e9s principales l\u2019identification des utilisateurs pour la fourniture des services et prestations propos\u00e9s sur le site.<\/p>\n<p>Les donn\u00e9es r\u00e9colt\u00e9es ne sont jamais transmis \u00e0 des tiers sauf si le client a donn\u00e9 son consentement pr\u00e9alable et ce sous r\u00e9serve que les tiers se soient clairement engag\u00e9s \u00e0 respecter toutes les dispositions de la Loi du 6 janvier 1978 modifi\u00e9e.<\/p>\n<p>En application de la loi, toute personne ayant transmis des donn\u00e9es \u00e0 caract\u00e8re personnel dispose d\u2019un droit d\u2019acc\u00e8s, de rectification et de suppression des donn\u00e9es ainsi que d\u2019un droit d\u2019opposition au traitement des donn\u00e9es \u00e0 caract\u00e8re personnel la concernant.<br \/>\nA tout moment, vous pouvez demander \u00e0 exercer ce droit en contactant Elisa Maurin.<\/p>\n<p>Les visiteurs du site sont inform\u00e9s que pour les besoins de la navigation sur ce site,\u00a0 l\u2019Editeur peut avoir recours \u00e0 la collecte automatique de certaines informations relatives aux utilisateurs \u00e0 l\u2019aide des cookies. Si l\u2019utilisateur du site ne souhaite pas l\u2019utilisation de cookies par Elisa Maurin, il peut refuser l\u2019activation des cookies par le biais des options propos\u00e9es par son navigateur internet. Pour des raisons techniques, si l\u2019utilisateur d\u00e9sactive les cookies dans son navigateur, certaines prestations propos\u00e9es sur ce site pourront ne pas lui \u00eatre accessibles.<\/p>\n<p>Mentions l\u00e9gales cr\u00e9\u00e9es le 25\/04\/2019<\/p>\n<h3>Cookies<\/h3>\n<p>Les cookies sur le site<br \/>\nLorsque vous vous connectez \u00e0 ce site, nous pouvons \u00eatre amen\u00e9s \u00e0 installer divers cookies dans votre terminal Nous permettant de reconna\u00eetre le navigateur de votre terminal pendant la dur\u00e9e de validit\u00e9 du cookie concern\u00e9 (maximum 13 mois).<br \/>\nCes Cookies permettent :<\/p>\n<ul>\n<li>d\u2019\u00e9tablir des statistiques et volumes de fr\u00e9quentation et d\u2019utilisation des diverses \u00e9l\u00e9ments composant le site (rubriques et contenus visit\u00e9s, parcours), permettant d\u2019am\u00e9liorer l\u2019int\u00e9r\u00eat et l\u2019ergonomie des services ;<\/li>\n<li>d\u2019adapter la pr\u00e9sentation du site aux pr\u00e9f\u00e9rences d\u2019affichage de votre terminal (langue utilis\u00e9e, r\u00e9solution d\u2019affichage, syst\u00e8me d\u2019exploitation utilis\u00e9, etc) lors de vos visites sur le Site, selon les mat\u00e9riels et les logiciels de visualisation ou de lecture que votre terminal comporte ;<\/li>\n<li>de m\u00e9moriser des informations relatives \u00e0 un formulaire que vous avez rempli sur le site (inscription, formulaire de contact, de concours, de champs de commentaire, \u2026) ou \u00e0 des produits, services ou informations que vous avez choisis sur le site ;<\/li>\n<li>de mettre en \u0153uvre des mesures de s\u00e9curit\u00e9, par exemple lorsqu\u2019il vous est demand\u00e9 de vous connecter \u00e0 nouveau \u00e0 un contenu ou \u00e0 un service apr\u00e8s une certain laps de temps.<\/li>\n<\/ul>\n<p><strong>Rejeter les cookies<\/strong><br \/>\nVous pouvez configurer votre navigateur ou logiciel de mani\u00e8re \u00e0 ce que les cookies soient enregistr\u00e9s ou rejet\u00e9s dans votre terminal et autres param\u00e9trages.<\/p>\n<p>Pour Microsoft Internet Explorer :<br \/>\n* Choisissez le menu \u00ab Outils \u00bb puis \u00ab Options Internet \u00bb<br \/>\n* Cliquez sur l\u2019onglet \u00ab Confidentialit\u00e9 \u00bb<br \/>\n* S\u00e9lectionnez le niveau souhait\u00e9 \u00e0 l\u2019aide du curseur<\/p>\n<p>Pour Mozilla Firefox :<br \/>\n* Choisissez le menu \u00ab Outils \u00bb &gt; \u00ab Options \u00bb<br \/>\n* Cliquez sur l\u2019option \u00ab Vie Priv\u00e9e \u00bb<br \/>\n* Rubrique \u00ab Cookies \u00bb<\/p>\n<p>Pour Chrome :<br \/>\n* Choisissez le menu \u00ab Edition \u00bb &gt; \u00ab Pr\u00e9f\u00e9rences \u00bb<br \/>\n* Cliquez sur l\u2019option \u00ab Donn\u00e9es personnelles \u00bb<br \/>\n* Rubrique \u00ab Cookies \u00bb<\/p>\n<p>Pour Safari :<br \/>\n* Choisissez le menu \u00ab Edition \u00bb &gt; \u00ab Pr\u00e9f\u00e9rences \u00bb<br \/>\n* Cliquez sur l\u2019option \u00ab Donn\u00e9es personnelles \u00bb<br \/>\n* Rubrique \u00ab Cookies \u00bb<\/p>\n<p>Tout param\u00e9trage que vous effectuerez sera susceptible d\u2019avoir des cons\u00e9quences sur votre navigation sur internet et concernant le site Internet que vous visitez pourra avoir des cons\u00e9quences sur les conditions d\u2019acc\u00e8s \u00e0 certains des services, comme par exemple : la m\u00e9morisation de vos identifiants de formulaires, de champs de commentaires, etc. Il est important que vous sachiez que si vous d\u00e9cidez de refuser ou de supprimer les Cookies sur vos navigateurs ou terminaux mobiles, cela n\u2019emp\u00eachera pas l\u2019affichage de publicit\u00e9 sur les sites internet que vous visiterez. La seule diff\u00e9rence c\u2019est qu\u2019elles ne seront plus adapt\u00e9es \u00e0 vos centres d\u2019int\u00e9r\u00eats.<\/p>\n<h3><strong>Responsabilit\u00e9 : <\/strong><\/h3>\n<p>Le site contient des liens hypertextes renvoyant \u00e0 d\u2019autres sites Internet. L\u2019\u00e9diteur ne peut \u00eatre tenu pour responsable de la mise \u00e0 disposition de ces sites et sources externes, et ne peut endosser la responsabilit\u00e9 quant aux contenus cr\u00e9\u00e9s ou publi\u00e9s sur des sites tiers.<\/p>\n<h3>Propri\u00e9t\u00e9 intellectuelle :<\/h3>\n<p>L\u2019ensemble du contenu et des \u00e9l\u00e9ments disponibles sur ce site \u2013 en particulier, mais de fa\u00e7on non limitative, les textes, les bases de donn\u00e9es, les photos, les films, les sons, la musique et les logos \u2013 sont prot\u00e9g\u00e9s par des copyrights, droits de protection de base de donn\u00e9es, marques d\u00e9pos\u00e9es, marques de service, brevets, secrets industriels ou autres droits et lois sur la propri\u00e9t\u00e9.<\/p>\n<p>Les noms WP Serveur et MC Communication, leur logo, ainsi que les noms de produits et de services, s\u2019y rapportant sont des marques d\u00e9pos\u00e9es et ne peuvent pas \u00eatre utilis\u00e9s \u00e0 des fins commerciales sans consentement \u00e9crit pr\u00e9alable. Toutes les autres marques de produits et de services de ce site sont des marques d\u00e9pos\u00e9es de leurs propri\u00e9taires respectifs.<\/p>\n<\/div>\n<\/div>\n<\/div>\n<\/div>\n<\/div>\n<\/div>\n<\/div>\n<\/section>\n<\/div>\n<\/div>\n","protected":false},"excerpt":{"rendered":"<p>Mentions L\u00e9gales \u00c9diteur : Ce site est \u00e9dit\u00e9 par E.U.R.L Contr\u00f4les Techniques Bateaux dont le si\u00e8ge social est \u00e9tabli : 20 all\u00e9e des C\u00e8dres 34280 La Grande Motte FRANCE SIRET : 489 375 071 00037 APE : 7120B &#8211; Analyses, essais et inspections techniques Forme juridique : EURL RCS Montpellier 489 375 071 Directeur de&#8230;<\/p>\n","protected":false},"author":6,"featured_media":0,"parent":0,"menu_order":0,"comment_status":"closed","ping_status":"closed","template":"","meta":{"_seopress_robots_primary_cat":"","_seopress_titles_title":"","_seopress_titles_desc":"","_seopress_robots_index":"yes","footnotes":""},"class_list":["post-216","page","type-page","status-publish"],"_links":{"self":[{"href":"https:\/\/www.expertises-bateaux.fr\/en\/wp-json\/wp\/v2\/pages\/216","targetHints":{"allow":["GET"]}}],"collection":[{"href":"https:\/\/www.expertises-bateaux.fr\/en\/wp-json\/wp\/v2\/pages"}],"about":[{"href":"https:\/\/www.expertises-bateaux.fr\/en\/wp-json\/wp\/v2\/types\/page"}],"author":[{"embeddable":true,"href":"https:\/\/www.expertises-bateaux.fr\/en\/wp-json\/wp\/v2\/users\/6"}],"replies":[{"embeddable":true,"href":"https:\/\/www.expertises-bateaux.fr\/en\/wp-json\/wp\/v2\/comments?post=216"}],"version-history":[{"count":0,"href":"https:\/\/www.expertises-bateaux.fr\/en\/wp-json\/wp\/v2\/pages\/216\/revisions"}],"wp:attachment":[{"href":"https:\/\/www.expertises-bateaux.fr\/en\/wp-json\/wp\/v2\/media?parent=216"}],"curies":[{"name":"wp","href":"https:\/\/api.w.org\/{rel}","templated":true}]}}